{"id":338,"date":"2021-11-26T09:41:38","date_gmt":"2021-11-26T09:41:38","guid":{"rendered":"https:\/\/machine.sofracs.net\/contact-v1\/"},"modified":"2024-02-09T17:42:27","modified_gmt":"2024-02-09T16:42:27","slug":"contact","status":"publish","type":"page","link":"https:\/\/machine.sofracs.net\/?page_id=338","title":{"rendered":"Contact"},"content":{"rendered":"\t\t<div data-elementor-type=\"wp-page\" data-elementor-id=\"338\" class=\"elementor elementor-338\">\n\t\t\t\t\t\t<div class=\"elementor-inner\">\n\t\t\t\t<div class=\"elementor-section-wrap\">\n\t\t\t\t\t\t\t\t\t<section class=\"elementor-section elementor-top-section elementor-element elementor-element-ce056b7 elementor-section-boxed elementor-section-gap-beside-yes elementor-section-height-default elementor-section-height-default elementor-section-column-vertical-align-stretch\" data-id=\"ce056b7\" data-element_type=\"section\">\n\t\t\t\t\t\t<div class=\"elementor-container elementor-column-gap-default\">\n\t\t\t\t\t\t\t<div class=\"elementor-row\">\n\t\t\t\t\t<div class=\"elementor-column elementor-col-66 elementor-top-column elementor-element elementor-element-038de5c\" data-id=\"038de5c\" data-element_type=\"column\">\n\t\t\t<div class=\"elementor-column-wrap elementor-element-populated\">\n\t\t\t\t\t\t\t<div class=\"elementor-widget-wrap\">\n\t\t\t\t\t\t<div class=\"elementor-element elementor-element-93351a6 elementor-widget elementor-widget-tm-heading\" data-id=\"93351a6\" data-element_type=\"widget\" data-widget_type=\"tm-heading.default\">\n\t\t\t\t<div class=\"elementor-widget-container\">\n\t\t\t\t\t<div class=\"tm-modern-heading tm-modern-heading--style-03 tm-modern-heading--highlight-style-01\">\n\t\t\t\n\t\t\t\t\t<div class=\"heading-primary-wrap\">\n\t\t\t<h2 class=\"heading-primary elementor-heading-title\">Contactez-nous<\/h2>\t\t<\/div>\n\t\t\n\t\t\t\n\t\t\t\t\t<div class=\"heading-description-wrap\">\n\t\t\t<div class=\"heading-description\">\n\t\t\t\t<p>Pr\u00eat \u00e0 transformer vos id\u00e9es en r\u00e9alit\u00e9 ? Contactez-nous d\u00e8s aujourd'hui et d\u00e9couvrez comment on peut r\u00e9volutionner votre projet.<\/p>\t\t\t<\/div>\n\t\t<\/div>\n\t\t\t\t<\/div>\n\t\t\t\t<\/div>\n\t\t\t\t<\/div>\n\t\t\t\t<div class=\"elementor-element elementor-element-e55d98c elementor-widget elementor-widget-text-editor\" data-id=\"e55d98c\" data-element_type=\"widget\" data-widget_type=\"text-editor.default\">\n\t\t\t\t<div class=\"elementor-widget-container\">\n\t\t\t<style>\/*! elementor - v3.18.0 - 20-12-2023 *\/\n.elementor-widget-text-editor.elementor-drop-cap-view-stacked .elementor-drop-cap{background-color:#69727d;color:#fff}.elementor-widget-text-editor.elementor-drop-cap-view-framed .elementor-drop-cap{color:#69727d;border:3px solid;background-color:transparent}.elementor-widget-text-editor:not(.elementor-drop-cap-view-default) .elementor-drop-cap{margin-top:8px}.elementor-widget-text-editor:not(.elementor-drop-cap-view-default) .elementor-drop-cap-letter{width:1em;height:1em}.elementor-widget-text-editor .elementor-drop-cap{float:left;text-align:center;line-height:1;font-size:50px}.elementor-widget-text-editor .elementor-drop-cap-letter{display:inline-block}<\/style>\t\t\t\t\t<div class=\"elementor-text-editor elementor-clearfix\">\n\t\t\t\t<p><div id=\"quform-1dfb9f\" class=\"quform quform-1 quform-support-page-caching\"><form id=\"quform-form-1dfb9f\" class=\"quform-form quform-form-1\" action=\"\/index.php?rest_route=%2Fwp%2Fv2%2Fpages%2F338#quform-1dfb9f\" method=\"post\" enctype=\"multipart\/form-data\" novalidate=\"novalidate\" data-options=\"{&quot;id&quot;:1,&quot;uniqueId&quot;:&quot;1dfb9f&quot;,&quot;theme&quot;:&quot;&quot;,&quot;ajax&quot;:true,&quot;logic&quot;:{&quot;logic&quot;:[],&quot;dependents&quot;:[],&quot;elementIds&quot;:[],&quot;dependentElementIds&quot;:[],&quot;animate&quot;:true},&quot;currentPageId&quot;:1,&quot;errorsIcon&quot;:&quot;&quot;,&quot;updateFancybox&quot;:true,&quot;hasPages&quot;:false,&quot;pages&quot;:[1],&quot;pageProgressType&quot;:&quot;numbers&quot;,&quot;tooltipsEnabled&quot;:true,&quot;tooltipClasses&quot;:&quot;qtip-quform-dark qtip-shadow&quot;,&quot;tooltipMy&quot;:&quot;left center&quot;,&quot;tooltipAt&quot;:&quot;right center&quot;,&quot;isRtl&quot;:false,&quot;scrollOffset&quot;:-50,&quot;scrollSpeed&quot;:800}\"><button class=\"quform-default-submit\" name=\"quform_submit\" type=\"submit\" value=\"submit\" aria-hidden=\"true\" tabindex=\"-1\"><\/button><div class=\"quform-form-inner quform-form-inner-1\"><input type=\"hidden\" name=\"quform_form_id\" value=\"1\" \/><input type=\"hidden\" name=\"quform_form_uid\" value=\"1dfb9f\" \/><input type=\"hidden\" name=\"quform_count\" value=\"1\" \/><input type=\"hidden\" name=\"form_url\" value=\"https:\/\/machine.sofracs.net\/index.php?rest_route=%2Fwp%2Fv2%2Fpages%2F338\" \/><input type=\"hidden\" name=\"referring_url\" value=\"\" \/><input type=\"hidden\" name=\"post_id\" value=\"\" \/><input type=\"hidden\" name=\"post_title\" value=\"\" \/><input type=\"hidden\" name=\"quform_current_page_id\" value=\"1\" \/><input type=\"hidden\" name=\"quform_csrf_token\" value=\"O4QLQSklnozgZh1MfT9Omji5L0QqqqYJT7GXWieC\" \/><div class=\"quform-elements quform-elements-1 quform-cf quform-responsive-elements-phone-landscape\"><div class=\"quform-element quform-element-page quform-page-1 quform-page-1_1 quform-cf quform-group-style-plain quform-first-page quform-last-page quform-current-page\"><div class=\"quform-child-elements\"><div class=\"quform-element quform-element-row quform-element-row-1_13 quform-2-columns quform-element-row-size-fixed quform-responsive-columns-phone-landscape\"><div class=\"quform-element quform-element-column quform-element-1_14\"><div class=\"quform-element quform-element-text quform-element-1_3 quform-cf quform-labels-inside quform-element-required\"><div class=\"quform-spacer\"><div class=\"quform-label quform-label-1_3\"><label class=\"quform-label-text\" for=\"quform_1_3_1dfb9f\">Nom<span class=\"quform-required\">*<\/span><\/label><\/div><div class=\"quform-inner quform-inner-text quform-inner-1_3\"><div class=\"quform-input quform-input-text quform-input-1_3 quform-cf\"><input type=\"text\" id=\"quform_1_3_1dfb9f\" name=\"quform_1_3\" class=\"quform-field quform-field-text quform-field-1_3\" \/><\/div><\/div><\/div><\/div><\/div><div class=\"quform-element quform-element-column quform-element-1_16\"><div class=\"quform-element quform-element-text quform-element-1_9 quform-cf quform-labels-inside quform-element-optional\"><div class=\"quform-spacer\"><div class=\"quform-label quform-label-1_9\"><label class=\"quform-label-text\" for=\"quform_1_9_1dfb9f\">Soci\u00e9t\u00e9<\/label><\/div><div class=\"quform-inner quform-inner-text quform-inner-1_9\"><div class=\"quform-input quform-input-text quform-input-1_9 quform-cf\"><input type=\"text\" id=\"quform_1_9_1dfb9f\" name=\"quform_1_9\" class=\"quform-field quform-field-text quform-field-1_9\" \/><\/div><\/div><\/div><\/div><\/div><\/div><div class=\"quform-element quform-element-row quform-element-row-1_6 quform-2-columns quform-element-row-size-fixed quform-responsive-columns-phone-landscape\"><div class=\"quform-element quform-element-column quform-element-1_7\"><div class=\"quform-element quform-element-text quform-element-1_5 quform-cf quform-labels-inside quform-element-optional\"><div class=\"quform-spacer\"><div class=\"quform-label quform-label-1_5\"><label class=\"quform-label-text\" for=\"quform_1_5_1dfb9f\">T\u00e9l\u00e9phone<\/label><\/div><div class=\"quform-inner quform-inner-text quform-inner-1_5\"><div class=\"quform-input quform-input-text quform-input-1_5 quform-cf\"><input type=\"text\" id=\"quform_1_5_1dfb9f\" name=\"quform_1_5\" class=\"quform-field quform-field-text quform-field-1_5\" \/><\/div><\/div><\/div><\/div><\/div><div class=\"quform-element quform-element-column quform-element-1_8\"><div class=\"quform-element quform-element-email quform-element-1_10 quform-cf quform-labels-inside quform-element-required\"><div class=\"quform-spacer\"><div class=\"quform-label quform-label-1_10\"><label class=\"quform-label-text\" for=\"quform_1_10_1dfb9f\">Email<span class=\"quform-required\">*<\/span><\/label><\/div><div class=\"quform-inner quform-inner-email quform-inner-1_10\"><div class=\"quform-input quform-input-email quform-input-1_10 quform-cf\"><input type=\"email\" id=\"quform_1_10_1dfb9f\" name=\"quform_1_10\" class=\"quform-field quform-field-email quform-field-1_10\" \/><\/div><\/div><\/div><\/div><\/div><\/div><div class=\"quform-element quform-element-textarea quform-element-1_11 quform-cf quform-labels-inside quform-element-optional\"><div class=\"quform-spacer\"><div class=\"quform-label quform-label-1_11\"><label class=\"quform-label-text\" for=\"quform_1_11_1dfb9f\">Message<\/label><\/div><div class=\"quform-inner quform-inner-textarea quform-inner-1_11\"><div class=\"quform-input quform-input-textarea quform-input-1_11 quform-cf\"><textarea id=\"quform_1_11_1dfb9f\" name=\"quform_1_11\" class=\"quform-field quform-field-textarea quform-field-1_11\"><\/textarea><\/div><\/div><\/div><\/div><div class=\"quform-element quform-element-captcha quform-element-1_18 quform-cf quform-element-required\"><div class=\"quform-spacer\"><div class=\"quform-label quform-label-1_18\"><label class=\"quform-label-text\" for=\"quform_1_18_1dfb9f\">Veuillez saisir les caract\u00e8res<span class=\"quform-required\">*<\/span><\/label><\/div><div class=\"quform-inner quform-inner-captcha quform-inner-1_18\"><div class=\"quform-input quform-input-captcha quform-input-1_18 quform-cf\"><input type=\"text\" id=\"quform_1_18_1dfb9f\" name=\"quform_1_18\" class=\"quform-field quform-field-captcha quform-field-1_18\" \/><\/div><div class=\"quform-captcha quform-cf\"><div class=\"quform-captcha-image quform-captcha-image-1_18\"><img decoding=\"async\" class=\"quform-captcha-image-img\" src=\"data:image\/png;base64,iVBORw0KGgoAAAANSUhEUgAAAOYAAABQBAMAAAD\/1xTgAAAAG1BMVEX\/\/\/8iIiLj4+OQkJB0dHSsrKw9PT3Hx8dZWVmMJtQwAAAACXBIWXMAAA7EAAAOxAGVKw4bAAADtklEQVRoge1YSVPbMBQO8pZjH4vhaJcSesQtAz3i0lKOSdl6xCwDx4bClCMuTCc\/u5K1PRxFiWnHh46+U+JI+t76PTmdjoODg4ODw3+N292T1y1TEqB4aJczYJzL7XKSgnLOt8vZiQ7b5+xEAK\/a5vQATtvm9Geq27X90e73xmeTzb7xeRdgZ+rmW1beK41Je7A4iXNj2l4f4EU9lQEY7Qwp59r+04lla1RwzrgpZw5gDO4cwCY78HLy1h6l274rJhxgwQAgmcDJ8Wvi1gJiGqJyhiTU0IUFY2xTyRkbTepU3fRQMZuTY8MWLJkeDxndU1mTeoIMSLk5eeN8kj1a7KYfaMxZnmiJLejFWwCPijXjxnrFx4acIQvfBE7WA1QCdb57bLEyoeBCtX7TkLIKoTEfmdCEDJUlTV2hYk2qBas0+isN6zaEa3Pd5cK\/UCc0onVKjqWGBGzfPS+zmtHkp9V3ctIxi3kh0uzr+eKxaNPJmohv0BdCVKtCpogXiY2VemQalDJxgZ6jXvVpIFLBOEvZUNhRbohZUSUGqDIViJTRSOtpVB2EOD\/Qo78S5tYp2kkNGZU2LemwPjM0SyTdi9B9IYfLJEKxpfFnn3vPgsuHw7G5A9GiZOxhINOIYhtQ62OZZ35N26k8eybzOZxxi8YP1fBMIu0hTlFDcoyIoLHOXZE0usUJT25qV0Rims6qXPV9gR7ztKcHDdGTc4gIurx6UruftC3Gb1tdyRkqi3Lm4RusQ3LfHOJMYZ4cHSWeqTARMsOkD6UTA3Uel\/RMJSJX5RoizgzOWQ6+3CVWzqGhmeZkfxayPnin0ACcqm3IT8UgW3aK8IeGaZQKbe+qPoi4EYEKSojyqQ+gTsa7+5axy+Ebaoxp\/xVv8Af+hPAqDVQvekpsch0oVlkb1W9nVs7AoPLVvHl8nyODy8oyX\/lJ5JhDLcw6aInvt9eQSeUHUkl1faXVaUNd5JlwZoBsjkRcfPNU1ijHVX4Iy2XtOkTdOb\/5gc6nuY5pEX\/DN41I\/B5NuyUNxq9EwagfsJqP+3gZAD6fvTDGo+LZlSmSojbtBpqaJw85+PQZG0tyJbEcb0X40W4iuMg0ztA+BDQOf1+\/w99zGHthKWeMbXdWzjoqz88T\/CibpYbWmY7Yp7oFd0e1q08oe8VypE\/tyszX6heBF25g\/WeA8t1PE41GyJiW2F8oSoih+ZuVBWK0X9nNqt8V\/xKrjHQxsazovejt3ApysLltX5DDxb+ldHBwcHBwcHBwmIQ\/6YKQ0TM28pQAAAAASUVORK5CYII=\" alt=\"CAPTCHA image\" data-element-id=\"18\" width=\"115\" height=\"40\" \/><\/div><\/div><p class=\"quform-description quform-description-below\">Cela nous aide \u00e0 \u00e9viter les spams, merci.<\/p><\/div><\/div><\/div><div class=\"quform-element quform-element-submit quform-element-1_2 quform-cf quform-button-style-theme\"><div class=\"quform-button-submit quform-button-submit-default quform-button-submit-1_2\"><button name=\"quform_submit\" type=\"submit\" class=\"quform-submit\" value=\"submit\"><span class=\"quform-button-text quform-button-submit-text\">Envoyer<\/span><\/button><\/div><div class=\"quform-loading quform-loading-position-left quform-loading-type-spinner-1\"><div class=\"quform-loading-inner\"><div class=\"quform-loading-spinner\"><div class=\"quform-loading-spinner-inner\"><\/div><\/div><\/div><\/div><\/div><div class=\"quform-element-tree\"><label for=\"quform_1_0_1dfb9f\">This field should be left blank<\/label><input type=\"text\" id=\"quform_1_0_1dfb9f\" name=\"quform_1_0\" class=\"quform-field quform-field-tree quform-field-1_0\" tabindex=\"-1\" autocomplete=\"off\" \/><\/div><\/div><\/div><\/div><\/div><\/form><\/div><\/p>\t\t\t\t\t<\/div>\n\t\t\t\t\t\t<\/div>\n\t\t\t\t<\/div>\n\t\t\t\t\t\t<\/div>\n\t\t\t\t\t<\/div>\n\t\t<\/div>\n\t\t\t\t<div class=\"elementor-column elementor-col-33 elementor-top-column elementor-element elementor-element-a623c4d\" data-id=\"a623c4d\" data-element_type=\"column\">\n\t\t\t<div class=\"elementor-column-wrap elementor-element-populated\">\n\t\t\t\t\t\t\t<div class=\"elementor-widget-wrap\">\n\t\t\t\t\t\t<div class=\"elementor-element elementor-element-f07cef9 elementor-widget elementor-widget-text-editor\" data-id=\"f07cef9\" data-element_type=\"widget\" data-widget_type=\"text-editor.default\">\n\t\t\t\t<div class=\"elementor-widget-container\">\n\t\t\t\t\t\t\t\t<div class=\"elementor-text-editor elementor-clearfix\">\n\t\t\t\t<p><strong>Coordonn\u00e9es<\/strong><br \/>7 rue L\u00e9on Haution<br \/>02500 WIMY<br \/><br \/><strong>Votre interlocuteur<\/strong><br \/>Tristan Landouzi<br \/><br \/><strong>T\u00e9l\u00e9phone<\/strong><br \/>06 30 43 58 02<\/p>\t\t\t\t\t<\/div>\n\t\t\t\t\t\t<\/div>\n\t\t\t\t<\/div>\n\t\t\t\t\t\t<\/div>\n\t\t\t\t\t<\/div>\n\t\t<\/div>\n\t\t\t\t\t\t\t\t<\/div>\n\t\t\t\t\t<\/div>\n\t\t<\/section>\n\t\t\t\t\t\t\t\t\t<\/div>\n\t\t\t<\/div>\n\t\t\t\t\t<\/div>\n\t\t","protected":false},"excerpt":{"rendered":"<p>Contactez-nous Pr\u00eat \u00e0 transformer vos id\u00e9es en r\u00e9alit\u00e9 ? Contactez-nous d\u00e8s aujourd&#8217;hui et d\u00e9couvrez comment on peut r\u00e9volutionner votre projet. Coordonn\u00e9es7 rue L\u00e9on Haution02500 WIMY Votre interlocuteurTristan Landouzi T\u00e9l\u00e9phone06 30 43 58 02<\/p>\n","protected":false},"author":1,"featured_media":0,"parent":0,"menu_order":0,"comment_status":"closed","ping_status":"closed","template":"","meta":{"footnotes":""},"class_list":["post-338","page","type-page","status-publish","hentry","post-no-thumbnail"],"_links":{"self":[{"href":"https:\/\/machine.sofracs.net\/index.php?rest_route=\/wp\/v2\/pages\/338","targetHints":{"allow":["GET"]}}],"collection":[{"href":"https:\/\/machine.sofracs.net\/index.php?rest_route=\/wp\/v2\/pages"}],"about":[{"href":"https:\/\/machine.sofracs.net\/index.php?rest_route=\/wp\/v2\/types\/page"}],"author":[{"embeddable":true,"href":"https:\/\/machine.sofracs.net\/index.php?rest_route=\/wp\/v2\/users\/1"}],"replies":[{"embeddable":true,"href":"https:\/\/machine.sofracs.net\/index.php?rest_route=%2Fwp%2Fv2%2Fcomments&post=338"}],"version-history":[{"count":7,"href":"https:\/\/machine.sofracs.net\/index.php?rest_route=\/wp\/v2\/pages\/338\/revisions"}],"predecessor-version":[{"id":21702,"href":"https:\/\/machine.sofracs.net\/index.php?rest_route=\/wp\/v2\/pages\/338\/revisions\/21702"}],"wp:attachment":[{"href":"https:\/\/machine.sofracs.net\/index.php?rest_route=%2Fwp%2Fv2%2Fmedia&parent=338"}],"curies":[{"name":"wp","href":"https:\/\/api.w.org\/{rel}","templated":true}]}}